{"id":13202,"date":"2019-07-18T21:11:03","date_gmt":"2019-07-18T18:11:03","guid":{"rendered":"http:\/\/www.lassebacklund.fi\/?page_id=13202"},"modified":"2019-07-18T21:11:34","modified_gmt":"2019-07-18T18:11:34","slug":"sommarmaknaden","status":"publish","type":"page","link":"https:\/\/www.kristinestadshistoria.fi\/?page_id=13202","title":{"rendered":"Sommarmarknaden."},"content":{"rendered":"<p><span style=\"color: #000080;\">Skrivet av Eva i juli 2019, inf\u00f6r Kristinestads sommarmarknad nummer 50:<\/span><\/p>\n<p><span style=\"margin: 0px; color: #1d2129; font-family: 'Helvetica','sans-serif';\">Det rustas till marknad i v\u00e5r k\u00e4ra stad,<br \/>\nf\u00f6rs\u00e4ljning runt torget tre dagar i rad!<br \/>\nK\u00f6pm\u00e4nnen kommer fr\u00e5n olika l\u00e4nder<br \/>\nmen det \u00e4r ocks\u00e5 mycket annat som h\u00e4r h\u00e4nder.<\/span><\/p>\n<p><span style=\"margin: 0px; color: #1d2129; font-family: 'Helvetica','sans-serif';\">S\u00e5ng och musik p\u00e5 flera olika st\u00e4llen,<br \/>\nkanske vi g\u00e5r till n\u00e5t p\u00e5 l\u00f6rdagskv\u00e4llen.<br \/>\nP\u00e5 Braheg\u00e5rden man uppf\u00f6r sin revy<br \/>\noch p\u00e5 Bio Dux en lokal film jag tror \u00e4r ny.<\/span><\/p>\n<p><span style=\"margin: 0px; color: #1d2129; font-family: 'Helvetica','sans-serif';\">P\u00e5 Campingen st\u00e5r m\u00e5nga husbilar och vagnar,<br \/>\nja det \u00e4r m\u00e5nga som sig av marknaden gagnar.<br \/>\nButikerna bunkrar upp med extra varor<br \/>\ns\u00e5 det r\u00e4cker till \u00e5t kunder i stora skaror.<\/span><\/p>\n<p><span style=\"margin: 0px; color: #1d2129; font-family: 'Helvetica','sans-serif';\">Har man t\u00e4nkt g\u00e5 p\u00e5 restaurang b\u00f6r man bordet boka<br \/>\nannars f\u00e5r man sn\u00e4llt vid hemmaspisen koka.<br \/>\nJag tror att de flesta tycker marknadshelg \u00e4r roligt<br \/>\ns\u00e5 nu vi f\u00e5r hoppas att v\u00e4dret blir varmt och soligt.<\/span><\/p>\n<figure id=\"attachment_13201\" aria-describedby=\"caption-attachment-13201\" style=\"width: 1210px\" class=\"wp-caption alignnone\"><img loading=\"lazy\" decoding=\"async\" class=\"size-full wp-image-13201\" src=\"http:\/\/www.lassebacklund.fi\/wp-content\/uploads\/2019\/07\/Sommarmarknaden.jpg\" alt=\"\" width=\"1210\" height=\"908\" srcset=\"https:\/\/www.kristinestadshistoria.fi\/wp-content\/uploads\/2019\/07\/Sommarmarknaden.jpg 1210w, https:\/\/www.kristinestadshistoria.fi\/wp-content\/uploads\/2019\/07\/Sommarmarknaden-300x225.jpg 300w, https:\/\/www.kristinestadshistoria.fi\/wp-content\/uploads\/2019\/07\/Sommarmarknaden-768x576.jpg 768w, https:\/\/www.kristinestadshistoria.fi\/wp-content\/uploads\/2019\/07\/Sommarmarknaden-1024x768.jpg 1024w\" sizes=\"auto, (max-width: 1210px) 100vw, 1210px\" \/><figcaption id=\"caption-attachment-13201\" class=\"wp-caption-text\">Marknadsf\u00f6rs\u00e4ljare l\u00e4ngs Sj\u00f6gatan.<\/figcaption><\/figure>\n","protected":false},"excerpt":{"rendered":"<p>Skrivet av Eva i juli 2019, inf\u00f6r Kristinestads sommarmarknad nummer 50: Det rustas till marknad i v\u00e5r k\u00e4ra stad, f\u00f6rs\u00e4ljning runt torget tre dagar i rad! K\u00f6pm\u00e4nnen kommer fr\u00e5n olika l\u00e4nder men det \u00e4r ocks\u00e5 mycket annat som h\u00e4r h\u00e4nder. <a class=\"more-link\" href=\"https:\/\/www.kristinestadshistoria.fi\/?page_id=13202\">Forts\u00e4tt l\u00e4sa <span class=\"screen-reader-text\">  Sommarmarknaden.<\/span><span class=\"meta-nav\">&rarr;<\/span><\/a><\/p>\n","protected":false},"author":1,"featured_media":0,"parent":13107,"menu_order":0,"comment_status":"closed","ping_status":"closed","template":"","meta":{"footnotes":""},"class_list":["post-13202","page","type-page","status-publish","hentry"],"_links":{"self":[{"href":"https:\/\/www.kristinestadshistoria.fi\/index.php?rest_route=\/wp\/v2\/pages\/13202","targetHints":{"allow":["GET"]}}],"collection":[{"href":"https:\/\/www.kristinestadshistoria.fi\/index.php?rest_route=\/wp\/v2\/pages"}],"about":[{"href":"https:\/\/www.kristinestadshistoria.fi\/index.php?rest_route=\/wp\/v2\/types\/page"}],"author":[{"embeddable":true,"href":"https:\/\/www.kristinestadshistoria.fi\/index.php?rest_route=\/wp\/v2\/users\/1"}],"replies":[{"embeddable":true,"href":"https:\/\/www.kristinestadshistoria.fi\/index.php?rest_route=%2Fwp%2Fv2%2Fcomments&post=13202"}],"version-history":[{"count":2,"href":"https:\/\/www.kristinestadshistoria.fi\/index.php?rest_route=\/wp\/v2\/pages\/13202\/revisions"}],"predecessor-version":[{"id":13204,"href":"https:\/\/www.kristinestadshistoria.fi\/index.php?rest_route=\/wp\/v2\/pages\/13202\/revisions\/13204"}],"up":[{"embeddable":true,"href":"https:\/\/www.kristinestadshistoria.fi\/index.php?rest_route=\/wp\/v2\/pages\/13107"}],"wp:attachment":[{"href":"https:\/\/www.kristinestadshistoria.fi\/index.php?rest_route=%2Fwp%2Fv2%2Fmedia&parent=13202"}],"curies":[{"name":"wp","href":"https:\/\/api.w.org\/{rel}","templated":true}]}}