{"id":13184,"date":"2019-07-16T23:04:23","date_gmt":"2019-07-16T20:04:23","guid":{"rendered":"http:\/\/www.lassebacklund.fi\/?page_id=13184"},"modified":"2019-07-16T23:04:59","modified_gmt":"2019-07-16T20:04:59","slug":"13184-2","status":"publish","type":"page","link":"https:\/\/www.kristinestadshistoria.fi\/?page_id=13184","title":{"rendered":"Tomtarnas m\u00e5lning."},"content":{"rendered":"<p><span style=\"color: #000080;\">Skrivet av Eva den 30 november 2018 inf\u00f6r damk\u00f6rens konsert i Lappfj\u00e4rds kyrka:<\/span><\/p>\n<h6><span style=\"margin: 0px; color: #1d2129; font-family: 'Helvetica',sans-serif;\">Sitter inomhus i lampans sken,<br \/>\nm\u00e5lar tomtar som saknar ben.<br \/>\nM\u00f6ssan blir r\u00f6d och rocken gr\u00e5,<br \/>\nhade de \u00f6gon skulle de bli bl\u00e5.<\/span><\/h6>\n<p>&nbsp;<\/p>\n<h6><span style=\"margin: 0px; color: #1d2129; font-family: 'Helvetica',sans-serif;\">Texten till en s\u00e5ng jag f\u00f6rs\u00f6ker mig l\u00e4ra,<br \/>\nnotmappen ligger d\u00e4rf\u00f6r mycket n\u00e4ra.<br \/>\nI morgon kv\u00e4ll jag borde den kunna<br \/>\nn\u00e4r vi i kyrkan i Lappfj\u00e4rd skall sjunga!<\/span><\/h6>\n<p><img loading=\"lazy\" decoding=\"async\" class=\"alignnone size-full wp-image-13183\" src=\"http:\/\/www.lassebacklund.fi\/wp-content\/uploads\/2019\/07\/Tomtarnas-m\u00e5lning.jpg\" alt=\"\" width=\"862\" height=\"1148\" srcset=\"https:\/\/www.kristinestadshistoria.fi\/wp-content\/uploads\/2019\/07\/Tomtarnas-m\u00e5lning.jpg 862w, https:\/\/www.kristinestadshistoria.fi\/wp-content\/uploads\/2019\/07\/Tomtarnas-m\u00e5lning-225x300.jpg 225w, https:\/\/www.kristinestadshistoria.fi\/wp-content\/uploads\/2019\/07\/Tomtarnas-m\u00e5lning-768x1023.jpg 768w, https:\/\/www.kristinestadshistoria.fi\/wp-content\/uploads\/2019\/07\/Tomtarnas-m\u00e5lning-769x1024.jpg 769w\" sizes=\"auto, (max-width: 862px) 100vw, 862px\" \/><\/p>\n","protected":false},"excerpt":{"rendered":"<p>Skrivet av Eva den 30 november 2018 inf\u00f6r damk\u00f6rens konsert i Lappfj\u00e4rds kyrka: Sitter inomhus i lampans sken, m\u00e5lar tomtar som saknar ben. M\u00f6ssan blir r\u00f6d och rocken gr\u00e5, hade de \u00f6gon skulle de bli bl\u00e5. &nbsp; Texten till en <a class=\"more-link\" href=\"https:\/\/www.kristinestadshistoria.fi\/?page_id=13184\">Forts\u00e4tt l\u00e4sa <span class=\"screen-reader-text\">  Tomtarnas m\u00e5lning.<\/span><span class=\"meta-nav\">&rarr;<\/span><\/a><\/p>\n","protected":false},"author":1,"featured_media":0,"parent":13107,"menu_order":0,"comment_status":"closed","ping_status":"closed","template":"","meta":{"footnotes":""},"class_list":["post-13184","page","type-page","status-publish","hentry"],"_links":{"self":[{"href":"https:\/\/www.kristinestadshistoria.fi\/index.php?rest_route=\/wp\/v2\/pages\/13184","targetHints":{"allow":["GET"]}}],"collection":[{"href":"https:\/\/www.kristinestadshistoria.fi\/index.php?rest_route=\/wp\/v2\/pages"}],"about":[{"href":"https:\/\/www.kristinestadshistoria.fi\/index.php?rest_route=\/wp\/v2\/types\/page"}],"author":[{"embeddable":true,"href":"https:\/\/www.kristinestadshistoria.fi\/index.php?rest_route=\/wp\/v2\/users\/1"}],"replies":[{"embeddable":true,"href":"https:\/\/www.kristinestadshistoria.fi\/index.php?rest_route=%2Fwp%2Fv2%2Fcomments&post=13184"}],"version-history":[{"count":2,"href":"https:\/\/www.kristinestadshistoria.fi\/index.php?rest_route=\/wp\/v2\/pages\/13184\/revisions"}],"predecessor-version":[{"id":13186,"href":"https:\/\/www.kristinestadshistoria.fi\/index.php?rest_route=\/wp\/v2\/pages\/13184\/revisions\/13186"}],"up":[{"embeddable":true,"href":"https:\/\/www.kristinestadshistoria.fi\/index.php?rest_route=\/wp\/v2\/pages\/13107"}],"wp:attachment":[{"href":"https:\/\/www.kristinestadshistoria.fi\/index.php?rest_route=%2Fwp%2Fv2%2Fmedia&parent=13184"}],"curies":[{"name":"wp","href":"https:\/\/api.w.org\/{rel}","templated":true}]}}