{"id":13107,"date":"2019-07-15T19:47:25","date_gmt":"2019-07-15T16:47:25","guid":{"rendered":"http:\/\/www.lassebacklund.fi\/?page_id=13107"},"modified":"2019-07-19T19:29:24","modified_gmt":"2019-07-19T16:29:24","slug":"evas-dikter-samling-nr-2","status":"publish","type":"page","link":"https:\/\/www.kristinestadshistoria.fi\/?page_id=13107","title":{"rendered":"Evas dikter, samling nr 2."},"content":{"rendered":"<p><span style=\"display: inline !important; float: none; background-color: transparent; color: #373737; font-family: 'Helvetica Neue',Helvetica,Arial,sans-serif; font-size: 16px; font-style: normal; font-variant: normal; font-weight: 300; letter-spacing: normal; orphans: 2; text-align: left; text-decoration: none; text-indent: 0px; text-transform: none; -webkit-text-stroke-width: 0px; white-space: normal; word-spacing: 0px;\">Eva Backlunds andra diktsamling inneh\u00e5llande 20 dikter med varierande inneh\u00e5ll. Klicka nedan p\u00e5 \u00f6nskad dikt. Mycket n\u00f6je!<\/span><\/p>\n<h4><a href=\"http:\/\/www.lassebacklund.fi\/?page_id=13214\">-Badaren som kom av sig<\/a><\/h4>\n<h4><a href=\"http:\/\/www.lassebacklund.fi\/?page_id=13129\">-Bantarens dilemma.<\/a><\/h4>\n<h4><a href=\"http:\/\/www.lassebacklund.fi\/?page_id=13235\">-Finrexin v\u00e4nnen<\/a><\/h4>\n<h4><a href=\"http:\/\/www.lassebacklund.fi\/?page_id=13259\">-Hurtigrutten<\/a><\/h4>\n<h4><a href=\"http:\/\/www.lassebacklund.fi\/?page_id=13267\">-Julf\u00f6rberedelser<\/a><\/h4>\n<h4><a href=\"http:\/\/www.lassebacklund.fi\/?page_id=13263\">-Julgransbekymmer<\/a><\/h4>\n<h4><a href=\"http:\/\/www.lassebacklund.fi\/?page_id=13218\">-Klockan \u00e4r fyra<\/a><\/h4>\n<h4><a href=\"http:\/\/www.lassebacklund.fi\/?page_id=13228\">-M\u00e5ndag morgon<\/a><\/h4>\n<h4><a href=\"http:\/\/www.lassebacklund.fi\/?page_id=13255\">-Pepparkaksbak<\/a><\/h4>\n<h4><a href=\"http:\/\/www.lassebacklund.fi\/?page_id=13179\">-Sj\u00e4lvst\u00e4ndighetsdagen<\/a><\/h4>\n<h4><a href=\"http:\/\/www.lassebacklund.fi\/?page_id=13202\">-Sommarmarknaden<\/a><\/h4>\n<h4><a href=\"http:\/\/www.lassebacklund.fi\/?page_id=13184\">-Tomtarnas m\u00e5lning<\/a><\/h4>\n<h4><a href=\"http:\/\/www.lassebacklund.fi\/?page_id=13224\">-Tomten i hallen<\/a><\/h4>\n<h4><a href=\"http:\/\/www.lassebacklund.fi\/?page_id=13151\">-Trendiga byxan<\/a><\/h4>\n<h4><a href=\"http:\/\/www.lassebacklund.fi\/?page_id=13135\">-Truten<\/a><\/h4>\n<h4><a href=\"http:\/\/www.lassebacklund.fi\/?page_id=13276\">-Vasaloppet<\/a><\/h4>\n<h4><a href=\"http:\/\/www.lassebacklund.fi\/?page_id=13207\">-Vietnam<\/a><\/h4>\n<h4><a href=\"http:\/\/www.lassebacklund.fi\/?page_id=13245\">-Vinter och sn\u00f6<\/a><\/h4>\n<h4><a href=\"http:\/\/www.lassebacklund.fi\/?page_id=13249\">-V\u00e4ndagsdikt<\/a><\/h4>\n<h4><a href=\"http:\/\/www.lassebacklund.fi\/?page_id=13239\">-\u00c5rssammandrag<\/a><\/h4>\n","protected":false},"excerpt":{"rendered":"<p>Eva Backlunds andra diktsamling inneh\u00e5llande 20 dikter med varierande inneh\u00e5ll. Klicka nedan p\u00e5 \u00f6nskad dikt. Mycket n\u00f6je! -Badaren som kom av sig -Bantarens dilemma. -Finrexin v\u00e4nnen -Hurtigrutten -Julf\u00f6rberedelser -Julgransbekymmer -Klockan \u00e4r fyra -M\u00e5ndag morgon -Pepparkaksbak -Sj\u00e4lvst\u00e4ndighetsdagen -Sommarmarknaden -Tomtarnas m\u00e5lning -Tomten <a class=\"more-link\" href=\"https:\/\/www.kristinestadshistoria.fi\/?page_id=13107\">Forts\u00e4tt l\u00e4sa <span class=\"screen-reader-text\">  Evas dikter, samling nr 2.<\/span><span class=\"meta-nav\">&rarr;<\/span><\/a><\/p>\n","protected":false},"author":1,"featured_media":0,"parent":13097,"menu_order":2,"comment_status":"closed","ping_status":"closed","template":"","meta":{"footnotes":""},"class_list":["post-13107","page","type-page","status-publish","hentry"],"_links":{"self":[{"href":"https:\/\/www.kristinestadshistoria.fi\/index.php?rest_route=\/wp\/v2\/pages\/13107","targetHints":{"allow":["GET"]}}],"collection":[{"href":"https:\/\/www.kristinestadshistoria.fi\/index.php?rest_route=\/wp\/v2\/pages"}],"about":[{"href":"https:\/\/www.kristinestadshistoria.fi\/index.php?rest_route=\/wp\/v2\/types\/page"}],"author":[{"embeddable":true,"href":"https:\/\/www.kristinestadshistoria.fi\/index.php?rest_route=\/wp\/v2\/users\/1"}],"replies":[{"embeddable":true,"href":"https:\/\/www.kristinestadshistoria.fi\/index.php?rest_route=%2Fwp%2Fv2%2Fcomments&post=13107"}],"version-history":[{"count":22,"href":"https:\/\/www.kristinestadshistoria.fi\/index.php?rest_route=\/wp\/v2\/pages\/13107\/revisions"}],"predecessor-version":[{"id":13280,"href":"https:\/\/www.kristinestadshistoria.fi\/index.php?rest_route=\/wp\/v2\/pages\/13107\/revisions\/13280"}],"up":[{"embeddable":true,"href":"https:\/\/www.kristinestadshistoria.fi\/index.php?rest_route=\/wp\/v2\/pages\/13097"}],"wp:attachment":[{"href":"https:\/\/www.kristinestadshistoria.fi\/index.php?rest_route=%2Fwp%2Fv2%2Fmedia&parent=13107"}],"curies":[{"name":"wp","href":"https:\/\/api.w.org\/{rel}","templated":true}]}}