{"id":13060,"date":"2019-07-11T20:57:26","date_gmt":"2019-07-11T17:57:26","guid":{"rendered":"http:\/\/www.lassebacklund.fi\/?page_id=13060"},"modified":"2019-07-11T20:58:35","modified_gmt":"2019-07-11T17:58:35","slug":"mangalen","status":"publish","type":"page","link":"https:\/\/www.kristinestadshistoria.fi\/?page_id=13060","title":{"rendered":"M\u00e5ngalen."},"content":{"rendered":"<p><span style=\"color: #000080;\">Diktat av Eva efter en l\u00e5ng natt.<\/span><\/p>\n<h6><span lang=\"SV\" style=\"margin: 0px; color: #141823; font-family: 'Helvetica','sans-serif';\">En natt i m\u00e5naden, det blir tolv per \u00e5r<\/span><\/h6>\n<h6><span lang=\"SV\" style=\"margin: 0px; color: #141823; font-family: 'Helvetica','sans-serif';\">jag snurrar i s\u00e4ngen och r\u00e4knar vita f\u00e5r.<\/span><\/h6>\n<h6><span lang=\"SV\" style=\"margin: 0px; color: #141823; font-family: 'Helvetica','sans-serif';\">M\u00e5ngalen l\u00e4r ju fenomenet heta<\/span><\/h6>\n<h6><span lang=\"SV\" style=\"margin: 0px; color: #141823; font-family: 'Helvetica','sans-serif';\">och jag \u00e4r inte ensam, har jag f\u00e5tt veta.<\/span><\/h6>\n<p><span lang=\"SV\" style=\"margin: 0px; color: #141823; font-family: 'Helvetica','sans-serif';\">\u00a0<\/span><\/p>\n<h6><span lang=\"SV\" style=\"margin: 0px; color: #141823; font-family: 'Helvetica','sans-serif'; display: none;\">Vad g\u00f6r att man vakar, kan inte sova<br \/>\nhar nog pr\u00f6vat allt, det kan jag lova<br \/>\nvarm mj\u00f6lk med honung och melatonin<br \/>\nmen ingenting hj\u00e4lper mot m\u00e5ngubbens flin!<\/span><span lang=\"SV\" style=\"margin: 0px; color: #141823; font-family: 'Helvetica','sans-serif';\">Vad g\u00f6r att man vakar, kan inte sova <\/span><\/h6>\n<h6><span lang=\"SV\" style=\"margin: 0px; color: #141823; font-family: 'Helvetica','sans-serif';\">har nog pr\u00f6vat allt, det kan jag lova<\/span><\/h6>\n<h6><span lang=\"SV\" style=\"margin: 0px; color: #141823; font-family: 'Helvetica','sans-serif';\">varm mj\u00f6lk med honung och melatonin<\/span><\/h6>\n<h6><span lang=\"SV\" style=\"margin: 0px; color: #141823; font-family: 'Helvetica','sans-serif';\">men ingenting hj\u00e4lper mot m\u00e5ngubbens flin.<\/span><\/h6>\n<p><span lang=\"SV\" style=\"margin: 0px; color: #141823; font-family: 'Helvetica','sans-serif';\">\u00a0<\/span><\/p>\n<h6><span lang=\"SV\" style=\"margin: 0px; color: #141823; font-family: 'Helvetica','sans-serif';\">Jag ligger och funderar p\u00e5 allt och ingenting<\/span><\/h6>\n<h6><span lang=\"SV\" style=\"margin: 0px; color: #141823; font-family: 'Helvetica','sans-serif';\">blommor och barnbarn, simhall och Svingeling<\/span><\/h6>\n<h6><span lang=\"SV\" style=\"margin: 0px; color: #141823; font-family: 'Helvetica','sans-serif';\">d\u00e5 pl\u00f6tsligt jag b\u00f6rjar dikta och rimma<\/span><\/h6>\n<h6><span lang=\"SV\" style=\"margin: 0px; color: #141823; font-family: 'Helvetica','sans-serif';\">och dit far \u00e5tminstone sedan en timma.<\/span><\/h6>\n<p><span lang=\"SV\" style=\"margin: 0px; color: #141823; font-family: 'Helvetica','sans-serif';\">\u00a0<\/span><\/p>\n<h6><span lang=\"SV\" style=\"margin: 0px; color: #141823; font-family: 'Helvetica','sans-serif';\">Magen den knorrar och h\u00f6ften den v\u00e4rker<\/span><\/h6>\n<h6><span lang=\"SV\" style=\"margin: 0px; color: #141823; font-family: 'Helvetica','sans-serif';\">sen mitt i allt jag somnar men det jag ej m\u00e4rker<\/span><\/h6>\n<h6><span lang=\"SV\" style=\"margin: 0px; color: #141823; font-family: 'Helvetica','sans-serif';\">Sen \u00e4r det morgon och en ny dag gryr,<\/span><\/h6>\n<h6><span lang=\"SV\" style=\"margin: 0px; color: #141823; font-family: 'Helvetica','sans-serif';\">natten \u00e4r \u00f6ver och m\u00e5ngubben flyr.<\/span><\/h6>\n<figure id=\"attachment_13059\" aria-describedby=\"caption-attachment-13059\" style=\"width: 2816px\" class=\"wp-caption alignnone\"><img loading=\"lazy\" decoding=\"async\" class=\"size-full wp-image-13059\" src=\"http:\/\/www.lassebacklund.fi\/wp-content\/uploads\/2019\/07\/M\u00e5ngalen.jpg\" alt=\"\" width=\"2816\" height=\"2112\" srcset=\"https:\/\/www.kristinestadshistoria.fi\/wp-content\/uploads\/2019\/07\/M\u00e5ngalen.jpg 2816w, https:\/\/www.kristinestadshistoria.fi\/wp-content\/uploads\/2019\/07\/M\u00e5ngalen-300x225.jpg 300w, https:\/\/www.kristinestadshistoria.fi\/wp-content\/uploads\/2019\/07\/M\u00e5ngalen-768x576.jpg 768w, https:\/\/www.kristinestadshistoria.fi\/wp-content\/uploads\/2019\/07\/M\u00e5ngalen-1024x768.jpg 1024w\" sizes=\"auto, (max-width: 2816px) 100vw, 2816px\" \/><figcaption id=\"caption-attachment-13059\" class=\"wp-caption-text\">Den grinande m\u00e5ngubben bakom r\u00e5dhustornet i Kristinestad.<\/figcaption><\/figure>\n","protected":false},"excerpt":{"rendered":"<p>Diktat av Eva efter en l\u00e5ng natt. En natt i m\u00e5naden, det blir tolv per \u00e5r jag snurrar i s\u00e4ngen och r\u00e4knar vita f\u00e5r. M\u00e5ngalen l\u00e4r ju fenomenet heta och jag \u00e4r inte ensam, har jag f\u00e5tt veta. \u00a0 Vad <a class=\"more-link\" href=\"https:\/\/www.kristinestadshistoria.fi\/?page_id=13060\">Forts\u00e4tt l\u00e4sa <span class=\"screen-reader-text\">  M\u00e5ngalen.<\/span><span class=\"meta-nav\">&rarr;<\/span><\/a><\/p>\n","protected":false},"author":1,"featured_media":0,"parent":12953,"menu_order":0,"comment_status":"closed","ping_status":"closed","template":"","meta":{"footnotes":""},"class_list":["post-13060","page","type-page","status-publish","hentry"],"_links":{"self":[{"href":"https:\/\/www.kristinestadshistoria.fi\/index.php?rest_route=\/wp\/v2\/pages\/13060","targetHints":{"allow":["GET"]}}],"collection":[{"href":"https:\/\/www.kristinestadshistoria.fi\/index.php?rest_route=\/wp\/v2\/pages"}],"about":[{"href":"https:\/\/www.kristinestadshistoria.fi\/index.php?rest_route=\/wp\/v2\/types\/page"}],"author":[{"embeddable":true,"href":"https:\/\/www.kristinestadshistoria.fi\/index.php?rest_route=\/wp\/v2\/users\/1"}],"replies":[{"embeddable":true,"href":"https:\/\/www.kristinestadshistoria.fi\/index.php?rest_route=%2Fwp%2Fv2%2Fcomments&post=13060"}],"version-history":[{"count":2,"href":"https:\/\/www.kristinestadshistoria.fi\/index.php?rest_route=\/wp\/v2\/pages\/13060\/revisions"}],"predecessor-version":[{"id":13062,"href":"https:\/\/www.kristinestadshistoria.fi\/index.php?rest_route=\/wp\/v2\/pages\/13060\/revisions\/13062"}],"up":[{"embeddable":true,"href":"https:\/\/www.kristinestadshistoria.fi\/index.php?rest_route=\/wp\/v2\/pages\/12953"}],"wp:attachment":[{"href":"https:\/\/www.kristinestadshistoria.fi\/index.php?rest_route=%2Fwp%2Fv2%2Fmedia&parent=13060"}],"curies":[{"name":"wp","href":"https:\/\/api.w.org\/{rel}","templated":true}]}}