{"id":13023,"date":"2019-07-10T21:30:05","date_gmt":"2019-07-10T18:30:05","guid":{"rendered":"http:\/\/www.lassebacklund.fi\/?page_id=13023"},"modified":"2019-07-10T21:59:52","modified_gmt":"2019-07-10T18:59:52","slug":"lofoten","status":"publish","type":"page","link":"https:\/\/www.kristinestadshistoria.fi\/?page_id=13023","title":{"rendered":"Lofoten."},"content":{"rendered":"<p><span style=\"color: #000080;\">Diktat av Eva under en bussf\u00e4rd till Norge i juni 2017:<\/span><\/p>\n<h5><span style=\"margin: 0px; font-family: 'Helvetica','sans-serif';\"><span style=\"color: #000000;\">P\u00e5 busstur bland \u00f6arna har vi varit hela dagen,<\/span><\/span><\/h5>\n<h5><span style=\"margin: 0px; font-family: 'Helvetica','sans-serif';\"><span style=\"color: #000000;\">vridit huvudet hit och dit, n\u00e4stan n\u00f6tt upp skjortkragen.<\/span><\/span><\/h5>\n<h5><span style=\"margin: 0px; font-family: 'Helvetica','sans-serif';\"><span style=\"color: #000000;\">Vi k\u00f6rde ner till \u00c5 till E10:ans \u00e4nda, <\/span><\/span><\/h5>\n<h5><span style=\"margin: 0px; font-family: 'Helvetica','sans-serif';\"><span style=\"color: #000000;\">tills v\u00e4gen tog slut d\u00e5 m\u00e5ste vi v\u00e4nda.<\/span><\/span><\/h5>\n<p><span style=\"margin: 0px; font-family: 'Helvetica','sans-serif';\"><span style=\"color: #000000;\">\u00a0<\/span><\/span><\/p>\n<h5><span style=\"margin: 0px; font-family: 'Helvetica','sans-serif';\"><span style=\"color: #000000;\">Tunnlar och broar, maskrosor och tj\u00e4rblomster,<\/span><\/span><\/h5>\n<h5><span style=\"margin: 0px; font-family: 'Helvetica','sans-serif';\"><span style=\"color: #000000;\">h\u00f6rt om krigshistoria och gasens och oljans f\u00f6rekomster.<\/span><\/span><\/h5>\n<h5><span style=\"margin: 0px; font-family: 'Helvetica','sans-serif';\"><span style=\"color: #000000;\">Sett st\u00e4llningar med huvud och fil\u00e9er av torkad fisk,<\/span><\/span><\/h5>\n<h5><span style=\"margin: 0px; font-family: 'Helvetica','sans-serif';\"><span style=\"color: #000000;\">runt dessa var doften inte riktigt angen\u00e4m och frisk.<\/span><\/span><\/h5>\n<p><span style=\"margin: 0px; font-family: 'Helvetica','sans-serif';\"><span style=\"color: #000000;\">\u00a0<\/span><\/span><\/p>\n<h5><span style=\"margin: 0px; font-family: 'Helvetica','sans-serif';\"><span style=\"color: #000000;\">Vattnet i vikarna var klart och n\u00e4stan gr\u00f6nt,<\/span><\/span><\/h5>\n<h5><span style=\"margin: 0px; font-family: 'Helvetica','sans-serif';\"><span style=\"color: #000000;\">en og tyvi grader s\u00e5 riktigt varmt och sk\u00f6nt.<\/span><\/span><\/h5>\n<h5><span style=\"color: #000000;\"><span style=\"margin: 0px; font-family: 'Helvetica','sans-serif';\">Tillbaka till Svolv<\/span><span style=\"margin: 0px; font-family: 'Helvetica','sans-serif';\">\u00e6<\/span><span style=\"margin: 0px; font-family: 'Helvetica','sans-serif';\">r vi kom innan kv\u00e4llen<\/span><\/span><\/h5>\n<h5><span style=\"margin: 0px; font-family: 'Helvetica','sans-serif';\"><span style=\"color: #000000;\">s\u00e5 nu har vi fritid innan vi kryper under f\u00e4llen!<\/span><\/span><\/h5>\n<p><img loading=\"lazy\" decoding=\"async\" class=\"alignnone size-full wp-image-13022\" src=\"http:\/\/www.lassebacklund.fi\/wp-content\/uploads\/2019\/07\/Lofoten.jpg\" alt=\"\" width=\"1215\" height=\"912\" srcset=\"https:\/\/www.kristinestadshistoria.fi\/wp-content\/uploads\/2019\/07\/Lofoten.jpg 1215w, https:\/\/www.kristinestadshistoria.fi\/wp-content\/uploads\/2019\/07\/Lofoten-300x225.jpg 300w, https:\/\/www.kristinestadshistoria.fi\/wp-content\/uploads\/2019\/07\/Lofoten-768x576.jpg 768w, https:\/\/www.kristinestadshistoria.fi\/wp-content\/uploads\/2019\/07\/Lofoten-1024x769.jpg 1024w\" sizes=\"auto, (max-width: 1215px) 100vw, 1215px\" \/><\/p>\n","protected":false},"excerpt":{"rendered":"<p>Diktat av Eva under en bussf\u00e4rd till Norge i juni 2017: P\u00e5 busstur bland \u00f6arna har vi varit hela dagen, vridit huvudet hit och dit, n\u00e4stan n\u00f6tt upp skjortkragen. Vi k\u00f6rde ner till \u00c5 till E10:ans \u00e4nda, tills v\u00e4gen tog <a class=\"more-link\" href=\"https:\/\/www.kristinestadshistoria.fi\/?page_id=13023\">Forts\u00e4tt l\u00e4sa <span class=\"screen-reader-text\">  Lofoten.<\/span><span class=\"meta-nav\">&rarr;<\/span><\/a><\/p>\n","protected":false},"author":1,"featured_media":0,"parent":12953,"menu_order":0,"comment_status":"closed","ping_status":"closed","template":"","meta":{"footnotes":""},"class_list":["post-13023","page","type-page","status-publish","hentry"],"_links":{"self":[{"href":"https:\/\/www.kristinestadshistoria.fi\/index.php?rest_route=\/wp\/v2\/pages\/13023","targetHints":{"allow":["GET"]}}],"collection":[{"href":"https:\/\/www.kristinestadshistoria.fi\/index.php?rest_route=\/wp\/v2\/pages"}],"about":[{"href":"https:\/\/www.kristinestadshistoria.fi\/index.php?rest_route=\/wp\/v2\/types\/page"}],"author":[{"embeddable":true,"href":"https:\/\/www.kristinestadshistoria.fi\/index.php?rest_route=\/wp\/v2\/users\/1"}],"replies":[{"embeddable":true,"href":"https:\/\/www.kristinestadshistoria.fi\/index.php?rest_route=%2Fwp%2Fv2%2Fcomments&post=13023"}],"version-history":[{"count":2,"href":"https:\/\/www.kristinestadshistoria.fi\/index.php?rest_route=\/wp\/v2\/pages\/13023\/revisions"}],"predecessor-version":[{"id":13043,"href":"https:\/\/www.kristinestadshistoria.fi\/index.php?rest_route=\/wp\/v2\/pages\/13023\/revisions\/13043"}],"up":[{"embeddable":true,"href":"https:\/\/www.kristinestadshistoria.fi\/index.php?rest_route=\/wp\/v2\/pages\/12953"}],"wp:attachment":[{"href":"https:\/\/www.kristinestadshistoria.fi\/index.php?rest_route=%2Fwp%2Fv2%2Fmedia&parent=13023"}],"curies":[{"name":"wp","href":"https:\/\/api.w.org\/{rel}","templated":true}]}}