{"id":12959,"date":"2019-07-09T18:26:40","date_gmt":"2019-07-09T15:26:40","guid":{"rendered":"http:\/\/www.lassebacklund.fi\/?page_id=12959"},"modified":"2019-07-10T22:03:06","modified_gmt":"2019-07-10T19:03:06","slug":"resenarerna","status":"publish","type":"page","link":"https:\/\/www.kristinestadshistoria.fi\/?page_id=12959","title":{"rendered":"Resen\u00e4rerna."},"content":{"rendered":"<p><span style=\"color: #000080;\"><u><span style=\"font-family: 'Helvetica','sans-serif';\">D<span style=\"margin: 0px;\">iktat av Eva under en resa till Norge i juni 2017:<\/span><\/span><\/u><\/span><\/p>\n<h5><span style=\"margin: 0px; font-family: 'Helvetica','sans-serif';\"><span style=\"color: #000000;\"><u><\/u>Det finns en m\u00e4rklig folkgrupp som kallas resen\u00e4r,<\/span><\/span><\/h5>\n<h5><span style=\"margin: 0px; font-family: 'Helvetica','sans-serif';\"><span style=\"color: #000000;\">gemytliga och glada, s\u00e4llan sur och tv\u00e4r.<\/span><\/span><\/h5>\n<h5><span style=\"margin: 0px; font-family: 'Helvetica','sans-serif';\"><span style=\"color: #000000;\">Sitter ofta hemma, bl\u00e4ddrar i en fin broschyr,<\/span><\/span><\/h5>\n<h5><span style=\"margin: 0px; font-family: 'Helvetica','sans-serif';\"><span style=\"color: #000000;\">funderar och planerar, har vi r\u00e5d eller blir resan f\u00f6r dyr.<\/span><\/span><\/h5>\n<h5><span style=\"margin: 0px; font-family: 'Helvetica','sans-serif';\"><span style=\"color: #000000;\">\u00a0<\/span><\/span><\/h5>\n<h5><span style=\"margin: 0px; font-family: 'Helvetica','sans-serif';\"><span style=\"color: #000000;\">Sen kommer dagen D och iv\u00e4g dom far<\/span><\/span><\/h5>\n<h5><span style=\"margin: 0px; font-family: 'Helvetica','sans-serif';\"><span style=\"color: #000000;\">och fast\u00e4n dom funderat fel kl\u00e4der dom med sig tar.<\/span><\/span><\/h5>\n<h5><span style=\"margin: 0px; font-family: 'Helvetica','sans-serif';\"><span style=\"color: #000000;\">Shortsen dom blev hemma, l\u00e5ngkalsongerna tar dom p\u00e5,<\/span><\/span><\/h5>\n<h5><span style=\"margin: 0px; font-family: 'Helvetica','sans-serif';\"><span style=\"color: #000000;\">sitter sen och svettas och l\u00e5tsas att allt \u00e4r bra \u00e4nd\u00e5.<\/span><\/span><\/h5>\n<h5><span style=\"margin: 0px; font-family: 'Helvetica','sans-serif';\"><span style=\"color: #000000;\">\u00a0<\/span><\/span><\/h5>\n<h5><span style=\"margin: 0px; font-family: 'Helvetica','sans-serif';\"><span style=\"color: #000000;\">Sen kommer dom till hotellet d\u00e4r mycket kan va fel.<\/span><\/span><\/h5>\n<h5><span style=\"margin: 0px; font-family: 'Helvetica','sans-serif';\"><span style=\"color: #000000;\">Oljudet fr\u00e5n gatan och dom h\u00f6r rumsgrannens gr\u00e4l.<\/span><\/span><\/h5>\n<h5><span style=\"margin: 0px; font-family: 'Helvetica','sans-serif';\"><span style=\"color: #000000;\">S\u00e4ngen \u00e4r f\u00f6r h\u00e5rd och kudden \u00e4r f\u00f6r mjuk,<\/span><\/span><\/h5>\n<h5><span style=\"margin: 0px; font-family: 'Helvetica','sans-serif';\"><span style=\"color: #000000;\">kaffet smakar konstigt och hissen \u00e4r ur bruk.<\/span><\/span><\/h5>\n<p>&nbsp;<\/p>\n<h5><span style=\"margin: 0px; font-family: 'Helvetica','sans-serif';\"><span style=\"color: #000000;\">Duschkranen \u00e4r m\u00e4rkv\u00e4rdig och sprutar ut sm\u00e5 spik,<\/span><\/span><\/h5>\n<h5><span style=\"margin: 0px; font-family: 'Helvetica','sans-serif';\"><span style=\"color: #000000;\">dom vill g\u00e4rna vara chef p\u00e5 Oras kranfabrik.<\/span><\/span><\/h5>\n<h5><span style=\"margin: 0px; font-family: 'Helvetica','sans-serif';\"><span style=\"color: #000000;\">D\u00e5 skulle det vara enkelt att helt kallt best\u00e4mma<\/span><\/span><\/h5>\n<h5><span style=\"margin: 0px; font-family: 'Helvetica','sans-serif';\"><span style=\"color: #000000;\">att alla hotell har duschar likadana som d\u00e4r hemma.<\/span><\/span><span style=\"margin: 0px; font-family: 'Helvetica','sans-serif';\"><span style=\"color: #000000;\">\u00a0<\/span><\/span><\/h5>\n<p>&nbsp;<\/p>\n<h5><span style=\"margin: 0px; font-family: 'Helvetica','sans-serif';\"><span style=\"color: #000000;\">Sen \u00e4r det ju med v\u00e4dret, dom vill ha bara sol,<\/span><\/span><\/h5>\n<h5><span style=\"margin: 0px; font-family: 'Helvetica','sans-serif';\"><span style=\"color: #000000;\">f\u00f6r dom det inte duger att den sken nog h\u00e4r i fjol.<\/span><\/span><\/h5>\n<h5><span style=\"margin: 0px; font-family: 'Helvetica','sans-serif';\"><span style=\"color: #000000;\">S\u00e5 k\u00f6per dom sm\u00e5 saker, souvenirer dom kallar dem<\/span><\/span><\/h5>\n<h5><span style=\"margin: 0px; font-family: 'Helvetica','sans-serif';\"><span style=\"color: #000000;\">som hamnar i byr\u00e5l\u00e5dan n\u00e4r dom kommer hem.<\/span><\/span><\/h5>\n<p><span style=\"margin: 0px; font-family: 'Helvetica','sans-serif';\"><span style=\"color: #000000;\">\u00a0<\/span><\/span><\/p>\n<h5><span style=\"margin: 0px; font-family: 'Helvetica','sans-serif';\"><span style=\"color: #000000;\">Men som allting roligt \u00e4ven resan har ett slut.<\/span><\/span><\/h5>\n<h5><span style=\"margin: 0px; font-family: 'Helvetica','sans-serif';\"><span style=\"color: #000000;\">P\u00e5 hemresedagen fr\u00e5n hotellet dom checkar ut.<\/span><\/span><\/h5>\n<h5><span style=\"margin: 0px; font-family: 'Helvetica','sans-serif';\"><span style=\"color: #000000;\">Hemma bland sina v\u00e4nner dom ber\u00e4ttar vitt och brett<\/span><\/span><\/h5>\n<h5><span style=\"margin: 0px; font-family: 'Helvetica','sans-serif';\"><span style=\"color: #000000;\">om allt det underbara dom upplevt och sett.<\/span><\/span><\/h5>\n<p><span style=\"margin: 0px; font-family: 'Helvetica','sans-serif';\"><span style=\"color: #000000;\">\u00a0<\/span><\/span><\/p>\n<h5><span style=\"margin: 0px; font-family: 'Helvetica','sans-serif';\"><span style=\"color: #000000;\">Dom visar fotografier av ett hus och n\u00e5n borg,<\/span><\/span><\/h5>\n<h5><span style=\"margin: 0px; font-family: 'Helvetica','sans-serif';\"><span style=\"color: #000000;\">en fj\u00e4lltopp l\u00e5ngt i fj\u00e4rran och bekanta p\u00e5 ett torg.<\/span><\/span><\/h5>\n<h5><span style=\"margin: 0px; font-family: 'Helvetica','sans-serif';\"><span style=\"color: #000000;\">Vykorten dom s\u00e4nde med bilder pyttesm\u00e5<\/span><\/span><\/h5>\n<h5><span style=\"margin: 0px; font-family: 'Helvetica','sans-serif';\"><span style=\"color: #000000;\">kommer kanske fram om en vecka eller tv\u00e5.<\/span><\/span><\/h5>\n<p><span style=\"margin: 0px; font-family: 'Helvetica','sans-serif';\"><span style=\"color: #000000;\">\u00a0<\/span><\/span><\/p>\n<h5><span style=\"margin: 0px; font-family: 'Helvetica','sans-serif';\"><span style=\"color: #000000;\">S\u00e5 vad l\u00e4r vi oss av detta, vi som till gruppen h\u00f6r, <\/span><\/span><\/h5>\n<h5><span style=\"margin: 0px; font-family: 'Helvetica','sans-serif';\"><span style=\"color: #000000;\">som r\u00f6r oss i klungor och g\u00f6r som andra g\u00f6r.<\/span><\/span><\/h5>\n<h5><span style=\"margin: 0px; font-family: 'Helvetica','sans-serif';\"><span style=\"color: #000000;\">Man borde stanna hemma f\u00f6r d\u00e4r \u00e4r vardagen en fest,<\/span><\/span><\/h5>\n<h5><span style=\"margin: 0px; font-family: 'Helvetica','sans-serif';\"><span style=\"color: #000000;\">det gamla ordspr\u00e5ket st\u00e4mmer: Borta bra men hemma b\u00e4st!<\/span><\/span><\/h5>\n<figure id=\"attachment_12958\" aria-describedby=\"caption-attachment-12958\" style=\"width: 1632px\" class=\"wp-caption alignnone\"><img loading=\"lazy\" decoding=\"async\" class=\"size-full wp-image-12958\" src=\"http:\/\/www.lassebacklund.fi\/wp-content\/uploads\/2019\/07\/Resen\u00e4ren-Lasse.jpg\" alt=\"\" width=\"1632\" height=\"1224\" srcset=\"https:\/\/www.kristinestadshistoria.fi\/wp-content\/uploads\/2019\/07\/Resen\u00e4ren-Lasse.jpg 1632w, https:\/\/www.kristinestadshistoria.fi\/wp-content\/uploads\/2019\/07\/Resen\u00e4ren-Lasse-300x225.jpg 300w, https:\/\/www.kristinestadshistoria.fi\/wp-content\/uploads\/2019\/07\/Resen\u00e4ren-Lasse-768x576.jpg 768w, https:\/\/www.kristinestadshistoria.fi\/wp-content\/uploads\/2019\/07\/Resen\u00e4ren-Lasse-1024x768.jpg 1024w\" sizes=\"auto, (max-width: 1632px) 100vw, 1632px\" \/><figcaption id=\"caption-attachment-12958\" class=\"wp-caption-text\">Resen\u00e4r utanf\u00f6r stadshuset i Vasa, p\u00e5 v\u00e4g till Norge.<span style=\"margin: 0px; font-family: 'Helvetica','sans-serif';\"><span style=\"color: #000000;\">\u00a0<\/span><\/span><\/figcaption><\/figure>\n","protected":false},"excerpt":{"rendered":"<p>Diktat av Eva under en resa till Norge i juni 2017: Det finns en m\u00e4rklig folkgrupp som kallas resen\u00e4r, gemytliga och glada, s\u00e4llan sur och tv\u00e4r. Sitter ofta hemma, bl\u00e4ddrar i en fin broschyr, funderar och planerar, har vi r\u00e5d <a class=\"more-link\" href=\"https:\/\/www.kristinestadshistoria.fi\/?page_id=12959\">Forts\u00e4tt l\u00e4sa <span class=\"screen-reader-text\">  Resen\u00e4rerna.<\/span><span class=\"meta-nav\">&rarr;<\/span><\/a><\/p>\n","protected":false},"author":1,"featured_media":0,"parent":12953,"menu_order":0,"comment_status":"closed","ping_status":"closed","template":"","meta":{"footnotes":""},"class_list":["post-12959","page","type-page","status-publish","hentry"],"_links":{"self":[{"href":"https:\/\/www.kristinestadshistoria.fi\/index.php?rest_route=\/wp\/v2\/pages\/12959","targetHints":{"allow":["GET"]}}],"collection":[{"href":"https:\/\/www.kristinestadshistoria.fi\/index.php?rest_route=\/wp\/v2\/pages"}],"about":[{"href":"https:\/\/www.kristinestadshistoria.fi\/index.php?rest_route=\/wp\/v2\/types\/page"}],"author":[{"embeddable":true,"href":"https:\/\/www.kristinestadshistoria.fi\/index.php?rest_route=\/wp\/v2\/users\/1"}],"replies":[{"embeddable":true,"href":"https:\/\/www.kristinestadshistoria.fi\/index.php?rest_route=%2Fwp%2Fv2%2Fcomments&post=12959"}],"version-history":[{"count":7,"href":"https:\/\/www.kristinestadshistoria.fi\/index.php?rest_route=\/wp\/v2\/pages\/12959\/revisions"}],"predecessor-version":[{"id":13046,"href":"https:\/\/www.kristinestadshistoria.fi\/index.php?rest_route=\/wp\/v2\/pages\/12959\/revisions\/13046"}],"up":[{"embeddable":true,"href":"https:\/\/www.kristinestadshistoria.fi\/index.php?rest_route=\/wp\/v2\/pages\/12953"}],"wp:attachment":[{"href":"https:\/\/www.kristinestadshistoria.fi\/index.php?rest_route=%2Fwp%2Fv2%2Fmedia&parent=12959"}],"curies":[{"name":"wp","href":"https:\/\/api.w.org\/{rel}","templated":true}]}}