{"id":12953,"date":"2019-07-09T18:15:10","date_gmt":"2019-07-09T15:15:10","guid":{"rendered":"http:\/\/www.lassebacklund.fi\/?page_id=12953"},"modified":"2019-07-15T19:38:18","modified_gmt":"2019-07-15T16:38:18","slug":"evas-dikter","status":"publish","type":"page","link":"https:\/\/www.kristinestadshistoria.fi\/?page_id=12953","title":{"rendered":"Evas dikter, samling nr 1."},"content":{"rendered":"<p>Eva Backlunds f\u00f6rsta diktsamling inneh\u00e5llande 18 dikter och 2 s\u00e5nger med varierande inneh\u00e5ll. Klicka nedan p\u00e5 \u00f6nskad dikt. Mycket n\u00f6je!<\/p>\n<h4><a href=\"http:\/\/www.lassebacklund.fi\/?page_id=12982\">-Adventstankar<\/a><\/h4>\n<h4><a href=\"http:\/\/www.lassebacklund.fi\/?page_id=12971\">-Barndomsminnen<\/a><\/h4>\n<h4><a href=\"http:\/\/www.lassebacklund.fi\/?page_id=13049\">-Bland myrar och fj\u00e4ll<\/a><\/h4>\n<h4><a href=\"http:\/\/www.lassebacklund.fi\/?page_id=13011\">-Bockens klagan<\/a><\/h4>\n<h4><a href=\"http:\/\/www.lassebacklund.fi\/?page_id=13017\">-Burj Khalifa<\/a><\/h4>\n<h4><a href=\"http:\/\/www.lassebacklund.fi\/?page_id=13065\">-Cykeltur<\/a><\/h4>\n<h4><a href=\"http:\/\/www.lassebacklund.fi\/?page_id=13074\">-Damk\u00f6rens lystringss\u00e5ng<\/a><\/h4>\n<h4><a href=\"http:\/\/www.lassebacklund.fi\/?page_id=13053\">-Den stora dagen<\/a><\/h4>\n<h4><a href=\"http:\/\/www.lassebacklund.fi\/?page_id=12998\">-En vanlig dag i november<\/a><\/h4>\n<h4><a href=\"http:\/\/www.lassebacklund.fi\/?page_id=12977\">-Hyllning till Kristinestad<\/a><\/h4>\n<h4><a href=\"http:\/\/www.lassebacklund.fi\/?page_id=13027\">-H\u00f6stfunderingar<\/a><\/h4>\n<h4><a href=\"http:\/\/www.lassebacklund.fi\/?page_id=13003\">-Julmys i Ankdammen<\/a><\/h4>\n<h4><a href=\"http:\/\/www.lassebacklund.fi\/?page_id=13008\">-Klockan som dog<\/a><\/h4>\n<h4><a href=\"http:\/\/www.lassebacklund.fi\/?page_id=13031\">-K\u00f6rernas julfest<\/a><\/h4>\n<h4><a href=\"http:\/\/www.lassebacklund.fi\/?page_id=13023\">-Lofoten<\/a><\/h4>\n<h4><a href=\"http:\/\/www.lassebacklund.fi\/?page_id=13071\">-Medaljen<\/a><\/h4>\n<h4><a href=\"http:\/\/www.lassebacklund.fi\/?page_id=13060\">-M\u00e5ngalen<\/a><\/h4>\n<h4><a href=\"http:\/\/www.lassebacklund.fi\/?page_id=13077\">-Pension\u00e4rsklubbens lystringss\u00e5ng<\/a><\/h4>\n<h4><a href=\"http:\/\/www.lassebacklund.fi\/?page_id=12959\">-Resen\u00e4rerna<\/a><\/h4>\n<h4><a href=\"http:\/\/www.lassebacklund.fi\/?page_id=12987\">-Till mina v\u00e4nner<\/a><\/h4>\n","protected":false},"excerpt":{"rendered":"<p>Eva Backlunds f\u00f6rsta diktsamling inneh\u00e5llande 18 dikter och 2 s\u00e5nger med varierande inneh\u00e5ll. Klicka nedan p\u00e5 \u00f6nskad dikt. Mycket n\u00f6je! -Adventstankar -Barndomsminnen -Bland myrar och fj\u00e4ll -Bockens klagan -Burj Khalifa -Cykeltur -Damk\u00f6rens lystringss\u00e5ng -Den stora dagen -En vanlig dag i <a class=\"more-link\" href=\"https:\/\/www.kristinestadshistoria.fi\/?page_id=12953\">Forts\u00e4tt l\u00e4sa <span class=\"screen-reader-text\">  Evas dikter, samling nr 1.<\/span><span class=\"meta-nav\">&rarr;<\/span><\/a><\/p>\n","protected":false},"author":1,"featured_media":0,"parent":13097,"menu_order":1,"comment_status":"closed","ping_status":"closed","template":"","meta":{"footnotes":""},"class_list":["post-12953","page","type-page","status-publish","hentry"],"_links":{"self":[{"href":"https:\/\/www.kristinestadshistoria.fi\/index.php?rest_route=\/wp\/v2\/pages\/12953","targetHints":{"allow":["GET"]}}],"collection":[{"href":"https:\/\/www.kristinestadshistoria.fi\/index.php?rest_route=\/wp\/v2\/pages"}],"about":[{"href":"https:\/\/www.kristinestadshistoria.fi\/index.php?rest_route=\/wp\/v2\/types\/page"}],"author":[{"embeddable":true,"href":"https:\/\/www.kristinestadshistoria.fi\/index.php?rest_route=\/wp\/v2\/users\/1"}],"replies":[{"embeddable":true,"href":"https:\/\/www.kristinestadshistoria.fi\/index.php?rest_route=%2Fwp%2Fv2%2Fcomments&post=12953"}],"version-history":[{"count":26,"href":"https:\/\/www.kristinestadshistoria.fi\/index.php?rest_route=\/wp\/v2\/pages\/12953\/revisions"}],"predecessor-version":[{"id":13102,"href":"https:\/\/www.kristinestadshistoria.fi\/index.php?rest_route=\/wp\/v2\/pages\/12953\/revisions\/13102"}],"up":[{"embeddable":true,"href":"https:\/\/www.kristinestadshistoria.fi\/index.php?rest_route=\/wp\/v2\/pages\/13097"}],"wp:attachment":[{"href":"https:\/\/www.kristinestadshistoria.fi\/index.php?rest_route=%2Fwp%2Fv2%2Fmedia&parent=12953"}],"curies":[{"name":"wp","href":"https:\/\/api.w.org\/{rel}","templated":true}]}}