{"id":10308,"date":"2018-10-30T21:19:53","date_gmt":"2018-10-30T20:19:53","guid":{"rendered":"http:\/\/www.lassebacklund.fi\/?page_id=10308"},"modified":"2018-10-30T21:19:53","modified_gmt":"2018-10-30T20:19:53","slug":"bernhard-estlander-1863-1931","status":"publish","type":"page","link":"https:\/\/www.kristinestadshistoria.fi\/?page_id=10308","title":{"rendered":"Bernhard Estlander 1863 &#8211; 1931."},"content":{"rendered":"<p><span style=\"margin: 0px; font-family: 'Helvetica','sans-serif';\"><span style=\"color: #000000;\">Dr Bernhard Rudolf Estlander, som var f\u00f6dd i Helsingfors 20 april 1863, tillh\u00f6rde den bekanta kultursl\u00e4kten, som bland annat i flera generationer verkat som pr\u00e4ster i svenska \u00d6sterbotten. Bernhard Estlander var son till den k\u00e4nda spr\u00e5kforskaren Carl Gustaf Eestlander och han ins\u00f6p redan i barndomen den k\u00e4rlek till historisk forskning, som avsatt s\u00e5 vackra sp\u00e5r i hans omf\u00e5ngsrika f\u00f6rfattarskap.<\/span><\/span><\/p>\n<p><span style=\"margin: 0px; font-family: 'Helvetica','sans-serif';\"><span style=\"color: #000000;\">Bernhard Estlander var framf\u00f6r allt pedagogen. Fr\u00e5n \u00e5r 1887 till sin d\u00f6d arbetade han som framg\u00e5ngsrik l\u00e4rare, f\u00f6retr\u00e4desvis i historiska \u00e4mnen vid olika skolor. Den l\u00e4ngsta tiden var han vid Nya svenska l\u00e4roverket i Helsingfors, vars rektor han var i n\u00e4rmare tv\u00e5 decennier.<\/span><\/span><\/p>\n<p><span style=\"margin: 0px; font-family: 'Helvetica','sans-serif';\"><span style=\"color: #000000;\">I olika kulturinstitutioner har Estlander varit flitigt verksam. Han har suttit som ordf\u00f6rande f\u00f6r svenska teaterf\u00f6reningen, tillh\u00f6rt delegationen f\u00f6r Antellska samlingarna och varit medlem av Svenska litteraturs\u00e4llskapets styrelse.<\/span><\/span><\/p>\n<p><span style=\"margin: 0px; font-family: 'Helvetica','sans-serif';\"><span style=\"color: #000000;\">Mest k\u00e4nd \u00e4r dock Bernhard som f\u00f6rfattare till de f\u00f6r eleverna i landets l\u00e4rda skolor n\u00e4stan oumb\u00e4rliga, mycket roliga och \u00f6verl\u00e4gset ber\u00e4ttade l\u00e4rob\u00f6ckerna i Allm\u00e4n historia I \u2013 III, samt en samling Bibliska ber\u00e4ttelser p\u00e5 historisk grund, vilka r\u00f6ja en f\u00f6rsiktigt uttryckt nyteologisk \u00e5sk\u00e5dning. Av hans st\u00f6rre historiska arbeten \u00e4r det fr\u00e4mst den i flera delar utkomna \u201dElva \u00e5rtionden ur Finlands historia\u201d, som till sena sl\u00e4kter skall f\u00f6rmedla bekantskapen med Finlands fr\u00e4msta historiska ber\u00e4ttare, en levande och \u00e4del prosastil, en kunskapsrik forskare och varmhj\u00e4rtad skildrare av det unga Finlands \u00f6den.<\/span><\/span><\/p>\n<p><span style=\"margin: 0px; font-family: 'Helvetica','sans-serif';\"><span style=\"color: #000000;\">Fil. dr. Bernhard Estlander dog i april 1931 till f\u00f6ljd av lunginflammation i en \u00e5lder av 68 \u00e5r.<\/span><\/span><span style=\"margin: 0px; font-family: 'Helvetica','sans-serif';\"><span style=\"color: #000000;\">\u00a0<\/span><\/span><\/p>\n","protected":false},"excerpt":{"rendered":"<p>Dr Bernhard Rudolf Estlander, som var f\u00f6dd i Helsingfors 20 april 1863, tillh\u00f6rde den bekanta kultursl\u00e4kten, som bland annat i flera generationer verkat som pr\u00e4ster i svenska \u00d6sterbotten. Bernhard Estlander var son till den k\u00e4nda spr\u00e5kforskaren Carl Gustaf Eestlander och <a class=\"more-link\" href=\"https:\/\/www.kristinestadshistoria.fi\/?page_id=10308\">Forts\u00e4tt l\u00e4sa <span class=\"screen-reader-text\">  Bernhard Estlander 1863 &#8211; 1931.<\/span><span class=\"meta-nav\">&rarr;<\/span><\/a><\/p>\n","protected":false},"author":1,"featured_media":0,"parent":6405,"menu_order":0,"comment_status":"closed","ping_status":"closed","template":"","meta":{"footnotes":""},"class_list":["post-10308","page","type-page","status-publish","hentry"],"_links":{"self":[{"href":"https:\/\/www.kristinestadshistoria.fi\/index.php?rest_route=\/wp\/v2\/pages\/10308","targetHints":{"allow":["GET"]}}],"collection":[{"href":"https:\/\/www.kristinestadshistoria.fi\/index.php?rest_route=\/wp\/v2\/pages"}],"about":[{"href":"https:\/\/www.kristinestadshistoria.fi\/index.php?rest_route=\/wp\/v2\/types\/page"}],"author":[{"embeddable":true,"href":"https:\/\/www.kristinestadshistoria.fi\/index.php?rest_route=\/wp\/v2\/users\/1"}],"replies":[{"embeddable":true,"href":"https:\/\/www.kristinestadshistoria.fi\/index.php?rest_route=%2Fwp%2Fv2%2Fcomments&post=10308"}],"version-history":[{"count":1,"href":"https:\/\/www.kristinestadshistoria.fi\/index.php?rest_route=\/wp\/v2\/pages\/10308\/revisions"}],"predecessor-version":[{"id":10309,"href":"https:\/\/www.kristinestadshistoria.fi\/index.php?rest_route=\/wp\/v2\/pages\/10308\/revisions\/10309"}],"up":[{"embeddable":true,"href":"https:\/\/www.kristinestadshistoria.fi\/index.php?rest_route=\/wp\/v2\/pages\/6405"}],"wp:attachment":[{"href":"https:\/\/www.kristinestadshistoria.fi\/index.php?rest_route=%2Fwp%2Fv2%2Fmedia&parent=10308"}],"curies":[{"name":"wp","href":"https:\/\/api.w.org\/{rel}","templated":true}]}}